{"id":53,"date":"2025-11-04T08:07:18","date_gmt":"2025-11-04T08:07:18","guid":{"rendered":"https:\/\/eeasy.put.poznan.pl\/?page_id=53"},"modified":"2025-11-04T08:07:18","modified_gmt":"2025-11-04T08:07:18","slug":"cele-projektu","status":"publish","type":"page","link":"https:\/\/eeasy.put.poznan.pl\/?page_id=53","title":{"rendered":"Cele projektu"},"content":{"rendered":"\n<p>G\u0142\u00f3wnym celem projektu jest rozw\u00f3j infrastruktury, kompetencji kadry oraz promocja Politechniki Pozna\u0144skiej (PP) jako uczelni otwartej, nowoczesnej i przyjaznej studentom zagranicznym, w szczeg\u00f3lno\u015bci uczestni(cz)kom programu ERASMUS+. Wdra\u017cane dzia\u0142ania maj\u0105 podnie\u015b\u0107 jako\u015b\u0107 obs\u0142ugi akademickiej wymiany zagranicznej oraz stworzy\u0107 \u015brodowisko sprzyjaj\u0105ce mi\u0119dzynarodowej wsp\u00f3\u0142pracy dydaktycznej, wzmacniaj\u0105c atrakcyjno\u015b\u0107 PP na arenie mi\u0119dzynarodowej.<\/p>\n\n\n\n<p>Cele szczeg\u00f3\u0142owe:<\/p>\n\n\n\n<ol class=\"wp-block-list\">\n<li>Nowa strategia w ERASMUS+ \u2013 umo\u017cliwiaj\u0105ca osobom studiuj\u0105cym realizacj\u0119 50% kurs\u00f3w w macierzystym wydziale i 50% na innych wydzia\u0142ach PP, by dopasowa\u01071.Nowa ofert\u0119 kszta\u0142cenia do zr\u00f3\u017cnicowanych potrzeb os\u00f3b studiuj\u0105cych.<\/li>\n\n\n\n<li>Punkty kontaktowe ERASMUS+ \u2013 rozw\u00f3j wydzia\u0142owych jednostek zapewniaj\u0105cych profesjonalne wsparcie student(k)om, doktorant(k)om oraz kadrze z zagranicy, w tym osobom ze szczeg\u00f3lnymi potrzebami.<\/li>\n\n\n\n<li>Stworzenie i wdro\u017cenie Platformy \u2013 nowoczesnego narz\u0119dzia cyfrowego, kt\u00f3re usprawni rejestracj\u0119, obs\u0142ug\u0119 i elastyczny dob\u00f3r przedmiot\u00f3w, przyczyniaj\u0105c si\u0119 do wi\u0119kszej przejrzysto\u015bci oferty dydaktycznej.<\/li>\n\n\n\n<li>Szkolenia kadry \u2013 rozwijaj\u0105ce kompetencje j\u0119zykowe, mi\u0119dzykulturowe, prawne oraz znajomo\u015b\u0107 Platformy, aby efektywniej wspiera\u0107 osoby studiuj\u0105ce uczestnicz\u0105ce w wymianie mi\u0119dzynarodowej.<\/li>\n\n\n\n<li>Promocja PP \u2013 szeroka mi\u0119dzynarodowa kampania informacyjna, zwi\u0119kszaj\u0105ca rozpoznawalno\u015b\u0107 PP i zach\u0119caj\u0105ca osoby z zagranicy do przyjazdu.<\/li>\n\n\n\n<li>Poprawa jako\u015bci do\u015bwiadcze\u0144 edukacyjnych \u2013 uproszczona procedura wyboru przedmiot\u00f3w oraz bardziej dost\u0119pny katalog przedmiot\u00f3w, dostosowany do potrzeb os\u00f3b studiuj\u0105cych.<\/li>\n\n\n\n<li>Promowanie warto\u015bci PP \u2013 uczelni otwartej i zr\u00f3wnowa\u017conej, co wpisuje si\u0119 w Cele Zr\u00f3wnowa\u017conego Rozwoju ONZ oraz d\u0142ugofalow\u0105 strategi\u0119 PP.<\/li>\n<\/ol>\n\n\n\n<p>Zgodno\u015b\u0107 z celami Programu:<\/p>\n\n\n\n<ol class=\"wp-block-list\">\n<li>Rozw\u00f3j kompetencji kadry \u2013 zindywidualizowane szkolenia z zakresu mi\u0119dzykulturowo\u015bci, j\u0119zyk\u00f3w obcych i prawa zapewni\u0105 profesjonaln\u0105 obs\u0142ug\u0119 os\u00f3b studiuj\u0105cych z<\/li>\n\n\n\n<li>zagranicy.<\/li>\n\n\n\n<li>Rozw\u00f3j obs\u0142ugi mobilno\u015bci \u2013 wydzia\u0142owe punkty kontaktowe ERASMUS+ i Platforma usprawni\u0105 procesy wymiany, uwzgl\u0119dniaj\u0105c potrzeby os\u00f3b ze szczeg\u00f3lnymi potrzebami.<\/li>\n\n\n\n<li>Poprawa jako\u015bci obs\u0142ugi \u2013 wdro\u017cenie Platformy i udoskonalenie katalogu przedmiot\u00f3w zapewni przejrzysto\u015b\u0107 procedur i \u0142atwiejszy dost\u0119p do informacji.<\/li>\n\n\n\n<li>Promocja PP \u2013 kampanie promocyjne, wydarzenia z uczelniami partnerskimi i program ambasadorski wzmocni\u0105 wizerunek PP jako wiod\u0105cej uczelni badawczo-dydaktycznej.<\/li>\n<\/ol>\n\n\n\n<p>Projekt wzmocni pozycj\u0119 PP jako wiod\u0105cej uczelni w dziedzinie umi\u0119dzynarodowienia i innowacyjnego kszta\u0142cenia, wspieraj\u0105c realizacj\u0119 cel\u00f3w Programu NAWA oraz Strategii Rozwoju PP. Jego wdro\u017cenie pozwoli nie tylko podnie\u015b\u0107 jako\u015b\u0107 obs\u0142ugi os\u00f3b studiuj\u0105cych z zagranicy, ale tak\u017ce zwi\u0119kszy\u0107 atrakcyjno\u015b\u0107 PP jako partnera w programie ERASMUS+. Dzia\u0142ania obejmuj\u0105ce wdro\u017cenie Platformy oraz promowanie SDG, otwarto\u015bci i inkluzywno\u015bci przyczyni\u0105 si\u0119 do eliminacji barier w dost\u0119pie do kszta\u0142cenia i wzmocni\u0105 wizerunek PP jako uczelni otwartej, nowoczesnej i przyjaznej.<\/p>\n","protected":false},"excerpt":{"rendered":"<p>G\u0142\u00f3wnym celem projektu jest rozw\u00f3j infrastruktury, kompetencji kadry oraz promocja Politechniki Pozna\u0144skiej (PP) jako uczelni otwartej, nowoczesnej i przyjaznej studentom zagranicznym, w szczeg\u00f3lno\u015bci uczestni(cz)kom programu ERASMUS+. Wdra\u017cane dzia\u0142ania maj\u0105 podnie\u015b\u0107 jako\u015b\u0107 obs\u0142ugi akademickiej wymiany zagranicznej oraz stworzy\u0107 \u015brodowisko sprzyjaj\u0105ce mi\u0119dzynarodowej wsp\u00f3\u0142pracy dydaktycznej, wzmacniaj\u0105c atrakcyjno\u015b\u0107 PP na arenie mi\u0119dzynarodowej. Cele szczeg\u00f3\u0142owe: Zgodno\u015b\u0107 z celami Programu: Projekt [&hellip;]<\/p>\n","protected":false},"author":1,"featured_media":0,"parent":0,"menu_order":0,"comment_status":"closed","ping_status":"closed","template":"","meta":{"footnotes":""},"class_list":["post-53","page","type-page","status-publish","hentry"],"_links":{"self":[{"href":"https:\/\/eeasy.put.poznan.pl\/index.php?rest_route=\/wp\/v2\/pages\/53","targetHints":{"allow":["GET"]}}],"collection":[{"href":"https:\/\/eeasy.put.poznan.pl\/index.php?rest_route=\/wp\/v2\/pages"}],"about":[{"href":"https:\/\/eeasy.put.poznan.pl\/index.php?rest_route=\/wp\/v2\/types\/page"}],"author":[{"embeddable":true,"href":"https:\/\/eeasy.put.poznan.pl\/index.php?rest_route=\/wp\/v2\/users\/1"}],"replies":[{"embeddable":true,"href":"https:\/\/eeasy.put.poznan.pl\/index.php?rest_route=%2Fwp%2Fv2%2Fcomments&post=53"}],"version-history":[{"count":1,"href":"https:\/\/eeasy.put.poznan.pl\/index.php?rest_route=\/wp\/v2\/pages\/53\/revisions"}],"predecessor-version":[{"id":54,"href":"https:\/\/eeasy.put.poznan.pl\/index.php?rest_route=\/wp\/v2\/pages\/53\/revisions\/54"}],"wp:attachment":[{"href":"https:\/\/eeasy.put.poznan.pl\/index.php?rest_route=%2Fwp%2Fv2%2Fmedia&parent=53"}],"curies":[{"name":"wp","href":"https:\/\/api.w.org\/{rel}","templated":true}]}}