{"id":39,"date":"2025-10-14T08:48:45","date_gmt":"2025-10-14T08:48:45","guid":{"rendered":"https:\/\/eeasy.put.poznan.pl\/?page_id=39"},"modified":"2025-11-04T08:11:14","modified_gmt":"2025-11-04T08:11:14","slug":"zadanie-3-opis","status":"publish","type":"page","link":"https:\/\/eeasy.put.poznan.pl\/?page_id=39","title":{"rendered":"Zadanie 3 &#8211; Opis"},"content":{"rendered":"\n<p>Zadanie polega na wzmocnieniu kompetencji wydzia\u0142owych koordynator\u00f3w, kt\u00f3rzy odpowiadaj\u0105 za obs\u0142ug\u0119 punkt\u00f3w kontaktowych ERASMUS+. Celem jest zapewnienie&nbsp; im niezb\u0119dnej wiedzy i umiej\u0119tno\u015bci do profesjonalnego zarz\u0105dzania procesami zwi\u0105zanymi z realizacj\u0105 ERASMUS+, przy jednoczesnym zachowaniu zasad r\u00f3wno\u015bci szans, niedyskryminacji oraz standard\u00f3w FERS.<\/p>\n\n\n\n<p>Najpierw powo\u0142ana zostanie osoba koordynuj\u0105ca proces podnoszenia kompetencji, &nbsp;pozostaj\u0105ca w sta\u0142ym kontakcie z dzia\u0142ami uczelni odpowiedzialnymi za szkolenia. Nast\u0119pnie, na podstawie konsultacji z interesariuszami, zostanie opracowana lista kluczowych umiej\u0119tno\u015bci i wiedzy, jakich wymaga si\u0119 od koordynator\u00f3w ERASMUS+. B\u0119dzie ona uwzgl\u0119dnia\u0107 potrzeby wsp\u00f3\u0142czesnego \u015brodowiska akademickiego, regulacje prawne, oraz wst\u0119pn\u0105 analiz\u0119 potrzeb przeprowadzon\u0105 na etapie planowania projektu.<\/p>\n\n\n\n<p>Na bazie zdefiniowanych kompetencji zostan\u0105 przygotowane szkolenia, obejmuj\u0119 umiej\u0119tno\u015bci j\u0119zykowe, r\u00f3\u017cnice kulturowe, wiedz\u0119 o otwarto\u015bci, dost\u0119pno\u015bci i niedyskryminacji, regulacje zwi\u0105zane z realizacj\u0105 ERASMUS+ oraz korzystanie z Platformy. Specjalistyczne szkolenia j\u0119zykowe i umo\u017cliwiaj\u0105ce rozpoznawanie r\u00f3\u017cnic kulturowych b\u0119d\u0105 prowadzone przez Centrum J\u0119zyk\u00f3w i Komunikacji PP. Dzia\u0142 ds. R\u00f3wno\u015bci PP przygotuje warsztaty dotycz\u0105ce budowania przyjaznego i dost\u0119pnego \u015brodowiska akademickiego dla os\u00f3b przyje\u017cd\u017caj\u0105cych, wolnego od dyskryminacji. DWM wprowadzi uczestnik\u00f3w w szczeg\u00f3\u0142owe regulacje programu ERASMUS+ , natomiast DRO przeprowadzi szkolenia z obs\u0142ugi systemu Platformy.<\/p>\n\n\n\n<p>Osoby uczestnicz\u0105ce w szkoleniach zostan\u0105 wskazane przez Dziekan\u00f3w poszczeg\u00f3lnych Wydzia\u0142\u00f3w, na podstawie ich kompetencji i do\u015bwiadczenia. Ka\u017cda z os\u00f3b b\u0119dzie mog\u0142a zg\u0142osi\u0107 szczeg\u00f3lne potrzeby, a szkolenia b\u0119d\u0105 si\u0119 odbywa\u0107 w salach dopasowanych do zg\u0142oszonych potrzeb (dost\u0119pnych architektonicznie, itd.). Proces nabywania i potwierdzania kompetencji oprze si\u0119 na zdefiniowanych standardach wymaga\u0144 dla ka\u017cdego modu\u0142u szkoleniowego. Uczestnicy przyst\u0105pi\u0105 do testu wst\u0119pnego (ex-ante), kt\u00f3ry oceni poziom ich wiedzy, a nast\u0119pnie odb\u0119d\u0105 zindywidualizowane kursy dostosowane do wskazanych potrzeb. Ko\u0144cowa weryfikacja (ex-post) obejmie testy ko\u0144cowe, wywiady oraz analiz\u0119 przyrostu wiedzy, z zachowaniem rozdzielenia procesu szkolenia od procesu walidacji kompetencji. Ci, kt\u00f3rzy spe\u0142ni\u0105 wszystkie kryteria, otrzymaj\u0105 certyfikaty potwierdzaj\u0105ce osi\u0105gni\u0119cie oczekiwanych efekt\u00f3w uczenia si\u0119.<\/p>\n\n\n\n<p>Zwi\u0119kszenie kompetencji kadry wydzia\u0142owej przyczyni si\u0119 do poprawy jako\u015bci obs\u0142ugi student\u00f3w zagranicznych oraz usprawni realizacj\u0119 programu ERASMUS+ w PP. Szczeg\u00f3lny nacisk na rozw\u00f3j umiej\u0119tno\u015bci j\u0119zykowych, technicznych i mi\u0119dzykulturowych wzmocni wizerunek uczelni jako otwartej i przyjaznej jednostki akademickiej, a tym samym zach\u0119ci wi\u0119cej student\u00f3w do podj\u0119cia mobilno\u015bci w ramach ERASMUS+. W efekcie projekt wpisze si\u0119 w strategi\u0119 umi\u0119dzynarodowienia PP, zwi\u0119kszaj\u0105c jej atrakcyjno\u015b\u0107 na arenie mi\u0119dzynarodowej i propaguj\u0105c warto\u015bci dost\u0119pno\u015bci, r\u00f3wno\u015bci i innowacyjno\u015bci.<\/p>\n","protected":false},"excerpt":{"rendered":"<p>Zadanie polega na wzmocnieniu kompetencji wydzia\u0142owych koordynator\u00f3w, kt\u00f3rzy odpowiadaj\u0105 za obs\u0142ug\u0119 punkt\u00f3w kontaktowych ERASMUS+. Celem jest zapewnienie&nbsp; im niezb\u0119dnej wiedzy i umiej\u0119tno\u015bci do profesjonalnego zarz\u0105dzania procesami zwi\u0105zanymi z realizacj\u0105 ERASMUS+, przy jednoczesnym zachowaniu zasad r\u00f3wno\u015bci szans, niedyskryminacji oraz standard\u00f3w FERS. Najpierw powo\u0142ana zostanie osoba koordynuj\u0105ca proces podnoszenia kompetencji, &nbsp;pozostaj\u0105ca w sta\u0142ym kontakcie z dzia\u0142ami uczelni [&hellip;]<\/p>\n","protected":false},"author":1,"featured_media":0,"parent":0,"menu_order":0,"comment_status":"closed","ping_status":"closed","template":"","meta":{"footnotes":""},"class_list":["post-39","page","type-page","status-publish","hentry"],"_links":{"self":[{"href":"https:\/\/eeasy.put.poznan.pl\/index.php?rest_route=\/wp\/v2\/pages\/39","targetHints":{"allow":["GET"]}}],"collection":[{"href":"https:\/\/eeasy.put.poznan.pl\/index.php?rest_route=\/wp\/v2\/pages"}],"about":[{"href":"https:\/\/eeasy.put.poznan.pl\/index.php?rest_route=\/wp\/v2\/types\/page"}],"author":[{"embeddable":true,"href":"https:\/\/eeasy.put.poznan.pl\/index.php?rest_route=\/wp\/v2\/users\/1"}],"replies":[{"embeddable":true,"href":"https:\/\/eeasy.put.poznan.pl\/index.php?rest_route=%2Fwp%2Fv2%2Fcomments&post=39"}],"version-history":[{"count":2,"href":"https:\/\/eeasy.put.poznan.pl\/index.php?rest_route=\/wp\/v2\/pages\/39\/revisions"}],"predecessor-version":[{"id":57,"href":"https:\/\/eeasy.put.poznan.pl\/index.php?rest_route=\/wp\/v2\/pages\/39\/revisions\/57"}],"wp:attachment":[{"href":"https:\/\/eeasy.put.poznan.pl\/index.php?rest_route=%2Fwp%2Fv2%2Fmedia&parent=39"}],"curies":[{"name":"wp","href":"https:\/\/api.w.org\/{rel}","templated":true}]}}