{"id":37,"date":"2025-10-14T08:48:31","date_gmt":"2025-10-14T08:48:31","guid":{"rendered":"https:\/\/eeasy.put.poznan.pl\/?page_id=37"},"modified":"2025-11-04T08:09:55","modified_gmt":"2025-11-04T08:09:55","slug":"zadanie-2-opis","status":"publish","type":"page","link":"https:\/\/eeasy.put.poznan.pl\/?page_id=37","title":{"rendered":"Zadanie 2 &#8211; Opis"},"content":{"rendered":"\n<p>W ramach zadania utworzone i wdro\u017cone zostanie narz\u0119dzie informatyczne (Platforma), wspieraj\u0105ca rejestracj\u0119 os\u00f3b studiuj\u0105cych z zagranicy przyje\u017cd\u017caj\u0105cych do PP w ramach ERASMUS+. Platforma b\u0119dzie oferowa\u0107 mo\u017cliwo\u015b\u0107 zarz\u0105dzania ofert\u0105 przedmiot\u00f3w, wspiera\u0107 osoby studiuj\u0105ce w poprawnym wyborze przedmiot\u00f3w z oferty PP, a tak\u017ce automatycznie generowa\u0107 dokumenty aplikacyjne, dzia\u0142aj\u0105c w pe\u0142nej zgodno\u015bci z zasadami dost\u0119pno\u015bci cyfrowej (WCAG). Jego integracja z USOS i IRK zapewni sp\u00f3jne przetwarzanie danych w uczelnianej infrastrukturze informatycznej.<\/p>\n\n\n\n<p>Nadz\u00f3r nad zadaniem obejmie Kierownik DRO, kt\u00f3ry skoordynuje opracowanie Platformy zgodnie ze standardem wytwarzania oprogramowania w DRO. system b\u0119dzie rozwijany w spos\u00f3b przyrostowy, z wykorzystaniem automatycznych test\u00f3w (jednostkowych, integracyjnych, funkcjonalnych) oraz regularnych skan\u00f3w bezpiecze\u0144stwa i narz\u0119dzi CI\/CD, u\u0142atwiaj\u0105cych ci\u0105g\u0142e wdra\u017canie poprawek i nowych funkcjonalno\u015bci.<\/p>\n\n\n\n<p>Zesp\u00f3\u0142 projektowy opracuje szczeg\u00f3\u0142ow\u0105 koncepcj\u0119 narz\u0119dzia, obejmuj\u0105c\u0105 analiz\u0119 proces\u00f3w rejestracji os\u00f3b studiuj\u0105cych oraz identyfikacj\u0119 kluczowych funkcjonalno\u015bci:<\/p>\n\n\n\n<ul class=\"wp-block-list\">\n<li>Obs\u0142uga aplikacji os\u00f3b studiuj\u0105cych,<\/li>\n\n\n\n<li>Zarz\u0105dzanie ofert\u0105 przedmiot\u00f3w,<\/li>\n\n\n\n<li>Integracja z systemami USOS i IRK,<\/li>\n\n\n\n<li>Automatyczne generowanie dokumentacji administracyjnej.<\/li>\n<\/ul>\n\n\n\n<p>Proces projektowania graficznego oraz opracowania UX (User eXperience) b\u0119dzie ukierunkowany na stworzenie intuicyjnego interfejsu u\u017cytkownika, kt\u00f3ry zapewni osobom studiuj\u0105cym \u0142atwo\u015b\u0107 korzystania z systemu, zgodnie z zasadami dost\u0119pno\u015bci i inkluzywno\u015bci. Wymagania funkcjonalne i niefunkcjonalne b\u0119d\u0105 definiowane w \u015bcis\u0142ej wsp\u00f3\u0142pracy z interesariuszami projektu. Nacisk zostanie po\u0142o\u017cony na zgodno\u015b\u0107 z RODO. Opr\u00f3cz test\u00f3w funkcjonalnych i wydajno\u015bciowych, przeprowadzone b\u0119d\u0105 testy penetracyjne i ci\u0105g\u0142y monitoring w celu szybkiego wykrywania podatno\u015bci.<\/p>\n\n\n\n<p>Po uko\u0144czeniu fazy deweloperskiej Platformy, zostanie ona poddana testom akceptacyjnym, zw\u0142aszcza w zakresie poprawnej wsp\u00f3\u0142pracy z USOS i IRK. Nast\u0119pnie system zostanie wdro\u017cony w \u015brodowisku produkcyjnym, z r\u00f3wnolegle prowadzonymi szkoleniami, przygotowuj\u0105cymi kadr\u0119 i osoby studiuj\u0105ce do sprawnego korzystania z nowego narz\u0119dzia.<\/p>\n\n\n\n<p>Platforma u\u0142atwi elastyczne komponowanie \u015bcie\u017cki kszta\u0142cenia (50% zaj\u0119\u0107 w wydziale goszcz\u0105cym, 50% w innych wydzia\u0142ach), wspieraj\u0105c tym samym wdro\u017cenie nowego modelu dydaktycznego. Automatyzacja proces\u00f3w, takich jak kontrola post\u0119p\u00f3w rekrutacji czy generowanie dokument\u00f3w, znacznie usprawni prac\u0119 koordynator\u00f3w programu ERASMUS+, zwalniaj\u0105c ich z cz\u0119\u015bci czynno\u015bci administracyjnych.<\/p>\n\n\n\n<p>W rezultacie Platforma przyczyni si\u0119 do zwi\u0119kszenia atrakcyjno\u015bci PP w\u015br\u00f3d os\u00f3b przyje\u017cd\u017caj\u0105cych w ramach ERASMUS+ i podniesienia poziomu umi\u0119dzynarodowienia,<\/p>\n\n\n\n<p>gwarantuj\u0105c nowoczesne, bezpieczne i przyjazne \u015brodowisko rekrutacyjne. System b\u0119dzie wpisywa\u0142 si\u0119 w strategi\u0119 rozwoju uczelni, \u0142\u0105cz\u0105c innowacyjno\u015b\u0107 z wymogami funkcjonalnymi, co wp\u0142ynie na popraw\u0119 satysfakcji student\u00f3w i presti\u017cu PP w globalnym \u015brodowisku akademickim<\/p>\n","protected":false},"excerpt":{"rendered":"<p>W ramach zadania utworzone i wdro\u017cone zostanie narz\u0119dzie informatyczne (Platforma), wspieraj\u0105ca rejestracj\u0119 os\u00f3b studiuj\u0105cych z zagranicy przyje\u017cd\u017caj\u0105cych do PP w ramach ERASMUS+. Platforma b\u0119dzie oferowa\u0107 mo\u017cliwo\u015b\u0107 zarz\u0105dzania ofert\u0105 przedmiot\u00f3w, wspiera\u0107 osoby studiuj\u0105ce w poprawnym wyborze przedmiot\u00f3w z oferty PP, a tak\u017ce automatycznie generowa\u0107 dokumenty aplikacyjne, dzia\u0142aj\u0105c w pe\u0142nej zgodno\u015bci z zasadami dost\u0119pno\u015bci cyfrowej (WCAG). Jego [&hellip;]<\/p>\n","protected":false},"author":1,"featured_media":0,"parent":0,"menu_order":0,"comment_status":"closed","ping_status":"closed","template":"","meta":{"footnotes":""},"class_list":["post-37","page","type-page","status-publish","hentry"],"_links":{"self":[{"href":"https:\/\/eeasy.put.poznan.pl\/index.php?rest_route=\/wp\/v2\/pages\/37","targetHints":{"allow":["GET"]}}],"collection":[{"href":"https:\/\/eeasy.put.poznan.pl\/index.php?rest_route=\/wp\/v2\/pages"}],"about":[{"href":"https:\/\/eeasy.put.poznan.pl\/index.php?rest_route=\/wp\/v2\/types\/page"}],"author":[{"embeddable":true,"href":"https:\/\/eeasy.put.poznan.pl\/index.php?rest_route=\/wp\/v2\/users\/1"}],"replies":[{"embeddable":true,"href":"https:\/\/eeasy.put.poznan.pl\/index.php?rest_route=%2Fwp%2Fv2%2Fcomments&post=37"}],"version-history":[{"count":2,"href":"https:\/\/eeasy.put.poznan.pl\/index.php?rest_route=\/wp\/v2\/pages\/37\/revisions"}],"predecessor-version":[{"id":56,"href":"https:\/\/eeasy.put.poznan.pl\/index.php?rest_route=\/wp\/v2\/pages\/37\/revisions\/56"}],"wp:attachment":[{"href":"https:\/\/eeasy.put.poznan.pl\/index.php?rest_route=%2Fwp%2Fv2%2Fmedia&parent=37"}],"curies":[{"name":"wp","href":"https:\/\/api.w.org\/{rel}","templated":true}]}}